{"id":73,"date":"2017-06-25T20:45:15","date_gmt":"2017-06-25T17:45:15","guid":{"rendered":"http:\/\/pslliimatainen.fi\/?page_id=73"},"modified":"2026-03-03T16:58:04","modified_gmt":"2026-03-03T13:58:04","slug":"etusivu","status":"publish","type":"page","link":"https:\/\/pslliimatainen.fi\/","title":{"rendered":"Etusivu"},"content":{"rendered":"\t\t<div data-elementor-type=\"wp-page\" data-elementor-id=\"73\" class=\"elementor elementor-73\">\n\t\t\t\t\t\t<section class=\"elementor-section elementor-top-section elementor-element elementor-element-67efa890 elementor-section-height-full elementor-section-boxed elementor-section-height-default elementor-section-items-middle\" data-id=\"67efa890\" data-element_type=\"section\" data-e-type=\"section\" data-settings=\"{&quot;background_background&quot;:&quot;classic&quot;}\">\n\t\t\t\t\t\t\t<div class=\"elementor-background-overlay\"><\/div>\n\t\t\t\t\t\t\t<div class=\"elementor-container elementor-column-gap-default\">\n\t\t\t\t\t<div class=\"elementor-column elementor-col-100 elementor-top-column elementor-element elementor-element-3027013c\" data-id=\"3027013c\" data-element_type=\"column\" data-e-type=\"column\">\n\t\t\t<div class=\"elementor-widget-wrap elementor-element-populated\">\n\t\t\t\t\t\t<div class=\"elementor-element elementor-element-09910fb elementor-widget elementor-widget-text-editor\" data-id=\"09910fb\" data-element_type=\"widget\" data-e-type=\"widget\" data-widget_type=\"text-editor.default\">\n\t\t\t\t<div class=\"elementor-widget-container\">\n\t\t\t\t\t\t\t\t\t<h3><strong><span style=\"color: #ffffff;\">PUUSEP\u00c4NLIIKE<\/span><\/strong><\/h3><h3><strong><span style=\"color: #ffffff;\">L.LIIMATAINEN<\/span><\/strong><\/h3>\t\t\t\t\t\t\t\t<\/div>\n\t\t\t\t<\/div>\n\t\t\t\t<div class=\"elementor-element elementor-element-44f0d87 elementor-widget elementor-widget-spacer\" data-id=\"44f0d87\" data-element_type=\"widget\" data-e-type=\"widget\" data-widget_type=\"spacer.default\">\n\t\t\t\t<div class=\"elementor-widget-container\">\n\t\t\t\t\t\t\t<div class=\"elementor-spacer\">\n\t\t\t<div class=\"elementor-spacer-inner\"><\/div>\n\t\t<\/div>\n\t\t\t\t\t\t<\/div>\n\t\t\t\t<\/div>\n\t\t\t\t<div class=\"elementor-element elementor-element-33adabe elementor-widget elementor-widget-text-editor\" data-id=\"33adabe\" data-element_type=\"widget\" data-e-type=\"widget\" data-widget_type=\"text-editor.default\">\n\t\t\t\t<div class=\"elementor-widget-container\">\n\t\t\t\t\t\t\t\t\t<h2><strong><span style=\"color: #ffffff;\">Pyht\u00e4\u00e4n Heinlahdessa toimiva puualan yritys.<\/span><\/strong><\/h2><h2><strong><span style=\"color: #ffffff;\">Valmistamme mittatilausty\u00f6n\u00e4 keitti\u00f6kalusteita, komeroita, liukuovia ja wc-kalusteita.<\/span><\/strong><\/h2><h2><strong><span style=\"color: #ffffff;\">Tervetuloa kysym\u00e4\u00e4n tarjousta!<\/span><\/strong><\/h2>\t\t\t\t\t\t\t\t<\/div>\n\t\t\t\t<\/div>\n\t\t\t\t<div class=\"elementor-element elementor-element-be89b61 elementor-widget elementor-widget-text-editor\" data-id=\"be89b61\" data-element_type=\"widget\" data-e-type=\"widget\" data-widget_type=\"text-editor.default\">\n\t\t\t\t<div class=\"elementor-widget-container\">\n\t\t\t\t\t\t\t\t\t<h2 style=\"text-align: center;\"><span style=\"color: #ffff99;\">Keitti\u00f6kokonaisuuksien toimitukset 4 viikkoa.<br><\/span><\/h2>\t\t\t\t\t\t\t\t<\/div>\n\t\t\t\t<\/div>\n\t\t\t\t\t<\/div>\n\t\t<\/div>\n\t\t\t\t\t<\/div>\n\t\t<\/section>\n\t\t\t\t<section class=\"elementor-section elementor-top-section elementor-element elementor-element-c35233a elementor-section-boxed elementor-section-height-default elementor-section-height-default\" data-id=\"c35233a\" data-element_type=\"section\" data-e-type=\"section\">\n\t\t\t\t\t\t<div class=\"elementor-container elementor-column-gap-default\">\n\t\t\t\t\t<div class=\"elementor-column elementor-col-100 elementor-top-column elementor-element elementor-element-4011756\" data-id=\"4011756\" data-element_type=\"column\" data-e-type=\"column\">\n\t\t\t<div class=\"elementor-widget-wrap elementor-element-populated\">\n\t\t\t\t\t\t<div class=\"elementor-element elementor-element-0e440b1 elementor-widget elementor-widget-spacer\" data-id=\"0e440b1\" data-element_type=\"widget\" data-e-type=\"widget\" data-widget_type=\"spacer.default\">\n\t\t\t\t<div class=\"elementor-widget-container\">\n\t\t\t\t\t\t\t<div class=\"elementor-spacer\">\n\t\t\t<div class=\"elementor-spacer-inner\"><\/div>\n\t\t<\/div>\n\t\t\t\t\t\t<\/div>\n\t\t\t\t<\/div>\n\t\t\t\t\t<\/div>\n\t\t<\/div>\n\t\t\t\t\t<\/div>\n\t\t<\/section>\n\t\t\t\t<section class=\"elementor-section elementor-top-section elementor-element elementor-element-690a30c elementor-section-boxed elementor-section-height-default elementor-section-height-default\" data-id=\"690a30c\" data-element_type=\"section\" data-e-type=\"section\">\n\t\t\t\t\t\t<div class=\"elementor-container elementor-column-gap-default\">\n\t\t\t\t\t<div class=\"elementor-column elementor-col-100 elementor-top-column elementor-element elementor-element-cca4d8b\" data-id=\"cca4d8b\" data-element_type=\"column\" data-e-type=\"column\">\n\t\t\t<div class=\"elementor-widget-wrap elementor-element-populated\">\n\t\t\t\t\t\t<div class=\"elementor-element elementor-element-885fa45 elementor-widget elementor-widget-text-editor\" data-id=\"885fa45\" data-element_type=\"widget\" data-e-type=\"widget\" data-widget_type=\"text-editor.default\">\n\t\t\t\t<div class=\"elementor-widget-container\">\n\t\t\t\t\t\t\t\t\t<h5><span style=\"color: #000000;\"><strong><span style=\"font-size: 16px; font-family: Open Sans;\">Yhteystiedot<\/span><\/strong><\/span><\/h5><h5><span style=\"color: #000000;\"><strong><span style=\"font-size: 16px; font-family: Open Sans;\">Aukioloajat: Ma-Pe: 07:00-15:30<\/span><\/strong><\/span><\/h5><h5><span style=\"color: #000000;\"><strong><span style=\"font-size: 16px; font-family: Open Sans;\">Olemme lounastauolla 11:00-11:30<\/span><\/strong><\/span><\/h5><h5><span style=\"color: #000000;\"><strong><span style=\"font-size: 16px; font-family: Open Sans;\">Puhelin:\u00a0<a class=\"fl r-iX2KbKbpr848\" style=\"color: #000000;\" title=\"Soita Hangouts-palvelun kautta\" data-number=\"+35852201345\" data-pstn-out-call-url=\"\" data-rtid=\"iX2KbKbpr848\" data-ved=\"0ahUKEwiJrs-ivdnUAhVoG5oKHexiAR8QkAgInQEoADAR\">050 5478934<\/a><\/span><\/strong><\/span><\/h5><h5><span style=\"color: #000000;\"><strong><span style=\"font-size: 16px; font-family: Open Sans;\">S\u00e4hk\u00f6posti: info@pslliimatainen.fi<\/span><\/strong><\/span><\/h5><h5><span style=\"color: #000000;\"><strong><span style=\"font-size: 16px; font-family: Open Sans;\">Osoite: Mokrantie 101, 49200 Heinlahti<\/span><\/strong><\/span><\/h5>\t\t\t\t\t\t\t\t<\/div>\n\t\t\t\t<\/div>\n\t\t\t\t\t<\/div>\n\t\t<\/div>\n\t\t\t\t\t<\/div>\n\t\t<\/section>\n\t\t\t\t<section class=\"elementor-section elementor-top-section elementor-element elementor-element-ab9ee31 elementor-section-boxed elementor-section-height-default elementor-section-height-default\" data-id=\"ab9ee31\" data-element_type=\"section\" data-e-type=\"section\">\n\t\t\t\t\t\t<div class=\"elementor-container elementor-column-gap-default\">\n\t\t\t\t\t<div class=\"elementor-column elementor-col-100 elementor-top-column elementor-element elementor-element-c4b9a46\" data-id=\"c4b9a46\" data-element_type=\"column\" data-e-type=\"column\">\n\t\t\t<div class=\"elementor-widget-wrap elementor-element-populated\">\n\t\t\t\t\t\t<div class=\"elementor-element elementor-element-158b34f elementor-widget elementor-widget-spacer\" data-id=\"158b34f\" data-element_type=\"widget\" data-e-type=\"widget\" data-widget_type=\"spacer.default\">\n\t\t\t\t<div class=\"elementor-widget-container\">\n\t\t\t\t\t\t\t<div class=\"elementor-spacer\">\n\t\t\t<div class=\"elementor-spacer-inner\"><\/div>\n\t\t<\/div>\n\t\t\t\t\t\t<\/div>\n\t\t\t\t<\/div>\n\t\t\t\t\t<\/div>\n\t\t<\/div>\n\t\t\t\t\t<\/div>\n\t\t<\/section>\n\t\t\t\t<\/div>\n\t\t","protected":false},"excerpt":{"rendered":"<p>PUUSEP\u00c4NLIIKE L.LIIMATAINEN Pyht\u00e4\u00e4n Heinlahdessa toimiva puualan yritys. Valmistamme mittatilausty\u00f6n\u00e4 keitti\u00f6kalusteita, komeroita, liukuovia ja wc-kalusteita. Tervetuloa kysym\u00e4\u00e4n tarjousta! Keitti\u00f6kokonaisuuksien toimitukset 4 viikkoa. Yhteystiedot Aukioloajat: Ma-Pe: 07:00-15:30&hellip;<\/p>\n","protected":false},"author":1,"featured_media":0,"parent":0,"menu_order":0,"comment_status":"closed","ping_status":"closed","template":"","meta":{"footnotes":""},"class_list":["post-73","page","type-page","status-publish","hentry"],"_links":{"self":[{"href":"https:\/\/pslliimatainen.fi\/index.php\/wp-json\/wp\/v2\/pages\/73","targetHints":{"allow":["GET"]}}],"collection":[{"href":"https:\/\/pslliimatainen.fi\/index.php\/wp-json\/wp\/v2\/pages"}],"about":[{"href":"https:\/\/pslliimatainen.fi\/index.php\/wp-json\/wp\/v2\/types\/page"}],"author":[{"embeddable":true,"href":"https:\/\/pslliimatainen.fi\/index.php\/wp-json\/wp\/v2\/users\/1"}],"replies":[{"embeddable":true,"href":"https:\/\/pslliimatainen.fi\/index.php\/wp-json\/wp\/v2\/comments?post=73"}],"version-history":[{"count":111,"href":"https:\/\/pslliimatainen.fi\/index.php\/wp-json\/wp\/v2\/pages\/73\/revisions"}],"predecessor-version":[{"id":688,"href":"https:\/\/pslliimatainen.fi\/index.php\/wp-json\/wp\/v2\/pages\/73\/revisions\/688"}],"wp:attachment":[{"href":"https:\/\/pslliimatainen.fi\/index.php\/wp-json\/wp\/v2\/media?parent=73"}],"curies":[{"name":"wp","href":"https:\/\/api.w.org\/{rel}","templated":true}]}}